{"id":965,"date":"2016-10-14T19:34:04","date_gmt":"2016-10-14T17:34:04","guid":{"rendered":"http:\/\/www.vacanzedintorni.it\/?page_id=965"},"modified":"2017-11-16T17:41:12","modified_gmt":"2017-11-16T16:41:12","slug":"top-ten","status":"publish","type":"page","link":"https:\/\/www.vacanzedintorni.it\/?page_id=965","title":{"rendered":"Top 10"},"content":{"rendered":"<p>La maggior parte degli utenti dell\u2019Associazione partecipano alle nostre attivit\u00e0 da tempo immemorabile e ci hanno seguito in ogni dove, da Marina di Bibbona prima del 2005, poi a Lignano, poi a Pinarella,\u00a0 a Marina di Massa e\u00a0 la scorsa estate a Igea Marina. Spesso i ragazzi ci chiedono di sapere da quanti anni ci frequentano ma essendo la nostra memoria un po\u2019 annebbiata, a causa dell\u2019et\u00e0, rispondiamo sempre in modo un po\u2019 approssimativo; per questo, carte alla mano, abbiamo deciso di stilare la classifica ufficiale dei vacanzieri con il loro profilo, naturalmente con una buona dose di ironia.<\/p>\n<p>&nbsp;<\/p>\n<p><b>MIKI:\u00a0 Da pi\u00f9 di 14 anni con noi\u00a0\u00a0\u00a0\u00a0 <\/b><\/p>\n<p>Milanista irriducibile, solo da poco ha abbandonato\u00a0 i continui acquisti di maglie del Milan ( di cui continua ad essere tifoso sfegatato ) \u00e8 passato da un carattere impossibile segnato da arrabbiatura totale e continue parolacce a punto di riferimento del gruppo per quanto riguarda la tecnologia, oltre che essere un impareggiabile portatore di valigie e un aiuto costante per gli accompagnatori! Aspettiamo con ansia di vederlo felice anche dal punto di vista amoroso!<\/p>\n<p><b>GIULIO:\u00a0 Da pi\u00f9 di 14 anni con noi\u00a0\u00a0\u00a0\u00a0 <\/b><\/p>\n<p>Smemorato come lui non c\u2019\u00e8 nessuno \u00e8 riuscito a perdere di tutto, persino la bici, ma non \u00e8 possibile immaginare la vacanza senza le sue briscole! Sempre carino e disponibile con tutti ingurgita litri di acqua frizzante ma poi mangia come una formichina (\u00e8 appassionato solo di pizza e patatine). Non si \u00e8 lasciato conquistare da nessuna delle nostre ragazze che a turno gli hanno fatto il filo: lui preferisce la compagnia \u2026\u2026. delle carte!<\/p>\n<p><b>CLAUDIA: Da pi\u00f9 di 14 anni con noi\u00a0\u00a0\u00a0\u00a0 <\/b><\/p>\n<p>Grande esempio di evoluzione positiva, da maschiaccio giocatore di calcio si \u00e8 trasformata in compagna disponibile e generosa, oltre che essere ordinatissima e sempre alla moda! Neanche i dolori del cuore sono riusciti a incattivirla e a farla tornare la ragazza arrabbiata di pochi anni fa, pota!<\/p>\n<p><b>DANIELE: Da pi\u00f9 di 14 anni con noi\u00a0\u00a0\u00a0\u00a0 <\/b><\/p>\n<p>Da sempre il bello del gruppo, ha fatto battere il cuore a tante nostre ragazze ma lui, ostinato, \u00e8 da sempre dedito al corteggiamento di bariste e animatrici! Non ama partecipare ai giochi di gruppo perch\u00e9 se perde \u2026\u2026 \u00e8 un dramma! I suoi scritti e le sue poesie, che sgorgano direttamente dal cuore, sono il best-seller di ogni estate!<\/p>\n<p><b>SERENA: Da pi\u00f9 di 12 anni con noi\u00a0\u00a0\u00a0\u00a0 <\/b><\/p>\n<p>State certi che se c\u2019\u00e8 in giro un segreto lei lo conosce e lavora nell\u2019ombra (con il cellulare) per ricomporre litigi, per informare chi deve sapere e anche chi non dovrebbe, perch\u00e9 le storie amorose dei suoi compagni sono la sua passione. Sempre in dubbio se abbandonarsi ai piaceri del cibo o cercare di mantenere la linea, riesce a contenersi se nei paraggi c\u2019\u00e8 un bagnino o un animatore per cui valga la pena ! Molto maturata negli ultimi due anni \u00e8 riuscita a stare nel gruppo in modo molto positivo.<\/p>\n<p><b>LUCIA: Per pi\u00f9 di 10 anni con noi\u00a0\u00a0\u00a0\u00a0 <\/b><\/p>\n<p>Suo \u00e8 il sorriso pi\u00f9 accattivante del gruppo e l\u2019affetto per Nunzio (il suo idolo) non tramonta mai; basta citarlo e anche le\u00a0 richieste per lei pi\u00f9 difficili diventano subito fattibili. Precisa e ordinata in tutte le sue cose si scusa sempre di tutto anche se non ha fatto niente di male, non si lamenta mai e partecipa a tutto compreso il bagno, dopo opportuna preparazione, diventando cosi la sirenetta del nostro bagnino! I suoi\u00a0 problemi di salute l&#8217;hanno costretta a rinunciare agli ultimi soggiorni ma speriamo di riaverla con noi in futuro<\/p>\n<p><b>MARIALUISA:\u00a0 Da 12 anni con noi<\/b><\/p>\n<p>Sa sempre tutto\u00a0 delle persone e dei gruppi che incontriamo in struttura perch\u00e9 si fa conoscere subito con la sua parlantina! Alterna momenti di malinconia e di silenzio a balli sfrenati e abbuffate (senza peperoni per\u00f2!) Molto sensibile verso l\u2019ingiustizia non esita a difendere le compagne da soprusi e vessazioni.<\/p>\n<p><b>MONICA A.: Da10 anni con noi<\/b><\/p>\n<p>Sopperisce alla difficolt\u00e0 motoria con la caparbiet\u00e0 e la volont\u00e0 di farcela: partecipa a tutto cercando di mascherare la fatica ed \u00e8 molto amata dalle compagne. E\u2019 una sognatrice, ma nonostante le nostre continue ricerche non abbiamo ancora trovato l\u2019uomo della sua vita!<\/p>\n<p><b>PAOLO T.: Per 8 anni con noi<\/b><\/p>\n<p>Qualche difettuccio lo ha conservato, ma ha saputo trasformare il suo corpo da pesce palla a quasi acciuga con una dieta ferrea da cui non sgarra mai. Molto servizievole con tutti, offre volentieri il proprio aiuto&#8230; Soprattutto alle donne! Ma per ora nessuna ha ceduto alle sue scherzose avances!! Non ha risposto ai nostri ultimi inviti ma speriamo di riaverlo con noi!<\/p>\n<p><b>SARA:\u00a0 per 8 anni con noi e poi&#8230; sparita<br \/>\n<\/b><\/p>\n<p>Se qualcuno sta soffrendo di malinconia metteteglielo vicino, lei con il suo chiacchiericcio far\u00e0 dimenticare ogni tristezza! Anche lei \u00e8 una miss amata dai ragazzi e amicona con le ragazze: purtroppo la sua altalenante partecipazione ai soggiorni la esclude da molte dinamiche positive \u2026\u2026.. e ci manca molto!<\/p>\n<p><b>FEDERICA: Da 10 anni con noi<\/b><\/p>\n<p>La parte migliore della sua vita sono le amiche e gli amori a cui si dedica con passione! Se messa da parte fa l\u2019offesa e cerca attraverso le lacrime un p\u00f2 di consolazione. E\u2019 una miss per eccellenza e se qualche volta il diadema cade lei fa di tutto per riconquistarlo! La sua nuova storia d&#8217;amore la sta prendendo molto e per ora vi si dedica completamente!<\/p>\n<p><b>OSCAR: Da 12 anni con noi<\/b><\/p>\n<p>Sua \u00e8 la palma di miglior ballerino del gruppo e peggior partecipante alle attivit\u00e0 sulla spiaggia e in piscina: il bagno non vuole mai farlo (ma forse non ama l\u2019acqua?) i giochi lo fanno sudare e cosi si ritrova spesso inchiodato alla sdraio dalla sua sedicente morosa !<\/p>\n<p><b>EZIO: Da 12 anni con noi<\/b><\/p>\n<p>Se non ci fosse bisognerebbe inventarlo, soprattutto per la sua capacit\u00e0 di fare il santarellino innocente anche quando ha combinato qualche guaio! Ha fatto la corte a tutte le donne del gruppo ma \u2026 al momento buono si ritira passando ad un altro soggetto! Non ama molto l\u2019acqua e il mare a causa degli squali che lo infestano, ma soprattutto perch\u00e9 la sua delicatissima pelle non sopporta i raggi del sole! Il suo miglior compagno \u00e8 il cibo di cui se non lo fermi si riempie fino al travaso. Il suo sogno di fare il Presidente dell&#8217;Associazione per ora non si \u00e8 realizzato ma&#8230;&#8230; non si sa mai !<\/p>\n<p><b>FRANCESCA: Da 11 anni con noi<\/b><\/p>\n<p>La sua gioia e la sua partecipazione durante la vacanza sono impareggiabili! Lei sa fare tutto e gioca volentieri a qualsiasi cosa; ama molto il gruppo e ha piacere di raccontare delle sue amicizie e della sua vita a casa, cani compresi. La lentezza che la contraddistingue ha creato spesso situazioni esilaranti, persino una clausura in camera per ben 3 minuti !<\/p>\n<p><b>ALESSANDRA: Da 10 anni con noi<\/b><\/p>\n<p>E\u2019 il nostro scricciolo impaurito che si rianima con l\u2019abbondanza di cibo, la discoteca e i balli di gruppo. Dimentica qualsiasi cosa nel breve spazio di un secondo, perderebbe persino le mutande se non ci fosse qualcuno a ricordarle che sono necessarie.\u00a0 Amica con tutti partecipa alle attivit\u00e0 con buona lena ed \u00e8 molto generosa, si commuove se qualcuno soffre e offre volentieri la sua spalla per consolare.<\/p>\n<p><b>AURORA: Da 9 anni con noi<\/b><\/p>\n<p>Dal lontano 2009 ha fatto passi da gigante in \u201c<i>mare\u201d<\/i> passando dal bagnasciuga a 5 centimetri di acqua sui piedi. Ma la sua performance migliore \u00e8 stata la discesa nel canale di Cervia \u2026\u2026\u2026.. in barca naturalmente! Poco invadente e silenziosa, osserva tutto senza darlo a vedere ma \u00e8 molto rispettosa con tutti e amica irrinunciabile e ridanciana con le sue varie compagne di stanza.<\/p>\n<p><b>MADDALENA: Per 5 anni con noi<\/b><\/p>\n<p>Dittatrice con le sue compagne di stanza come lei non c\u2019\u00e8 nessuno: passa il tempo dentro gli armadi e la sua attivit\u00e0 preferita \u00e8 riordinare i numerosi abiti, borse e scarpe. Fatica a partecipare alle attivit\u00e0 ma \u00e8 un\u2019accanita lettrice e qualche rara volta si concede al bagno in mare e in piscina. Sa bene ci\u00f2 che vuole e difficilmente accetta di essere contraddetta.<b><br \/>\n<\/b><\/p>\n<p><b>PAOLA: Da 6 anni con noi<\/b><\/p>\n<p>Quatta quatta lei non si fa notare\u00a0 ma lavora nell\u2019ombra e parte alla conquista dei nostri ragazzi pur passando al telefono con il moroso ufficiale quasi tutta la giornata. Il suo disordine, che fa perdere occhiali, mutande e costumi non riesce mai a fargli perdere, purtroppo, il cellulare, il pi\u00f9 fidato amico e compagno di ogni giorno.<\/p>\n<p><b>MONICA P.: Per 4 anni con noi ed ora passata ad altra compagnia!<br \/>\n<\/b><\/p>\n<p>Ha fatto la corte ad ogni maschio del gruppo, con esclusione (forse!) DEGLI ACCOMPAGNATORI. Non sa stare da sola e deve sempre avere un cortigiano al suo seguito che costringe sulla sdraio vicino a lei senza neanche proferir parola!\u00a0 Riesce ad eludere ogni controllo a tavola ingaggiando i corteggiatori\u00a0 per recuperare quanto di mangereccio \u00e8 possibile. In compenso \u00e8 ordinata e fa incetta di docce in quanto il suo look deve essere sempre invidiabile!<\/p>\n<p><strong>MARCO : Da 4 anni con noi<\/strong><\/p>\n<p>Dopo la fatica iniziale di inserirsi in un gruppo gi\u00e0 strutturato e dopo aver coronato il suo sogno d&#8217;amore ora \u00e8 partecipe delle attivit\u00e0 proposte e rispettoso nei confronti degli altri, che aiuta in caso di necessit\u00e0.<\/p>\n<p><strong>PAOLO: Da 3 anni con noi<\/strong><\/p>\n<p>Sportivo per eccellenza \u00e8 interessato a tutto quanto riguarda lo sport ma \u00e8 anche molto disponibile verso i compagni e seppure parli poco si \u00e8 ben inserito nel gruppo. Le sue performance atletiche lo hanno allontanato da noi lo scorso anno ma nel rientro\u00a0 estivo non ha avuto difficolt\u00e0 a riprendere il suo posto nel gruppo.<\/p>\n<p>&nbsp;<\/p>\n<p>&nbsp;<\/p>\n<p>A Michele, il nostro recordman, Ennio, Paola, Luca, Marco, Paolo, Federica, Massimo, Katia, Federico, Sandro, Butoyi, Alessio, Francesco, Fiorenza, Daria, che hanno condiviso con noi i momenti di divertimento e di gioia di alcune vacanze, ma che poi hanno preso altre strade e vissuto altre esperienze, va il nostro ricordo e l\u2019augurio di trovare altrettanta condivisione e amicizia.<\/p>\n","protected":false},"excerpt":{"rendered":"<p>La maggior parte degli utenti dell\u2019Associazione partecipano alle nostre attivit\u00e0 da tempo immemorabile e ci hanno seguito in ogni dove, da Marina di Bibbona prima del 2005, poi a Lignano, poi a Pinarella,\u00a0 a Marina di Massa e\u00a0 la scorsa estate a Igea Marina. Spesso i ragazzi ci chiedono di sapere da quanti anni ci [&hellip;]<\/p>\n","protected":false},"author":1,"featured_media":0,"parent":0,"menu_order":0,"comment_status":"closed","ping_status":"closed","template":"","meta":{"ngg_post_thumbnail":0,"footnotes":""},"class_list":["post-965","page","type-page","status-publish","hentry"],"_links":{"self":[{"href":"https:\/\/www.vacanzedintorni.it\/index.php?rest_route=\/wp\/v2\/pages\/965","targetHints":{"allow":["GET"]}}],"collection":[{"href":"https:\/\/www.vacanzedintorni.it\/index.php?rest_route=\/wp\/v2\/pages"}],"about":[{"href":"https:\/\/www.vacanzedintorni.it\/index.php?rest_route=\/wp\/v2\/types\/page"}],"author":[{"embeddable":true,"href":"https:\/\/www.vacanzedintorni.it\/index.php?rest_route=\/wp\/v2\/users\/1"}],"replies":[{"embeddable":true,"href":"https:\/\/www.vacanzedintorni.it\/index.php?rest_route=%2Fwp%2Fv2%2Fcomments&post=965"}],"version-history":[{"count":7,"href":"https:\/\/www.vacanzedintorni.it\/index.php?rest_route=\/wp\/v2\/pages\/965\/revisions"}],"predecessor-version":[{"id":1969,"href":"https:\/\/www.vacanzedintorni.it\/index.php?rest_route=\/wp\/v2\/pages\/965\/revisions\/1969"}],"wp:attachment":[{"href":"https:\/\/www.vacanzedintorni.it\/index.php?rest_route=%2Fwp%2Fv2%2Fmedia&parent=965"}],"curies":[{"name":"wp","href":"https:\/\/api.w.org\/{rel}","templated":true}]}}