{"id":791,"date":"2013-09-25T11:31:54","date_gmt":"2013-09-25T09:31:54","guid":{"rendered":"http:\/\/www.vacanzedintorni.it\/?page_id=791"},"modified":"2013-10-01T14:19:50","modified_gmt":"2013-10-01T12:19:50","slug":"5x1000","status":"publish","type":"page","link":"https:\/\/www.vacanzedintorni.it\/?page_id=791","title":{"rendered":"5&#215;1000"},"content":{"rendered":"<p>La Legge Finanziaria ha riproposto la possibilit\u00e0, per il Contribuente, di destinare la quota del 5 per mille dell\u2019imposta sul reddito delle persone fisiche in favore di diversi soggetti, fra cui le ONLUS (organizzazioni non lucrative di utilit\u00e0 sociale) e le associazioni di volontariato.<\/p>\n<p><strong>La nostra associazione<\/strong>, la cui finalit\u00e0 statutaria \u00e8 l\u2019offerta di servizi del tempo libero per i soggetti disabili, <strong>risulta iscritta negli elenchi dei soggetti che possono fruire della quota del 5 per mille<\/strong>.<\/p>\n<p>Qualora foste interessati a destinare il vostro 5 per mille alla nostra associazione (che in tal modo potr\u00e0 ampliare le proprie iniziative) \u00e8 sufficiente firmare su uno dei quattro riquadri dei modelli di dichiarazione CUD\u00a0 \u2013 Mod. 730-1\/bis \u2013 UNICO e indicare il codice fiscale dell\u2019associazione, <strong>98122640174<\/strong>, come di seguito esemplificato.<\/p>\n<p><img loading=\"lazy\" decoding=\"async\" class=\"alignnone size-full wp-image-792\" alt=\"cud\" src=\"https:\/\/www.vacanzedintorni.it\/wp-content\/uploads\/2013\/09\/cud.jpg\" width=\"655\" height=\"801\" srcset=\"https:\/\/www.vacanzedintorni.it\/wp-content\/uploads\/2013\/09\/cud.jpg 655w, https:\/\/www.vacanzedintorni.it\/wp-content\/uploads\/2013\/09\/cud-245x300.jpg 245w, https:\/\/www.vacanzedintorni.it\/wp-content\/uploads\/2013\/09\/cud-140x170.jpg 140w\" sizes=\"auto, (max-width: 655px) 100vw, 655px\" \/><\/p>\n<p>A tal proposito si ricorda che anche in assenza di obbligo di presentazione del CUD, lo stesso pu\u00f2 essere sottoscritto per la destinazione del 5 per mille e presentato in busta chiusa ad uno sportello bancario o postale che provveder\u00e0 a inoltrarlo gratuitamente all\u2019Agenzia delle Entrate di Brescia.<\/p>\n<p>Sull\u2019esterno della busta deve essere indicato:<\/p>\n<ul>\n<li>La dicitura \u201cScelta per la destinazione del 5 per mille\u201d<\/li>\n<li>Cognome, Nome e Codice Fiscale del Contribuente<\/li>\n<\/ul>\n<p>Saremo onorati di ricevere, per tramite dell\u2019Agenzia delle Entrate, il vostro contributo che naturalmente per voi non comporta alcun aggravio di spesa.<\/p>\n","protected":false},"excerpt":{"rendered":"<p>La Legge Finanziaria ha riproposto la possibilit\u00e0, per il Contribuente, di destinare la quota del 5 per mille dell\u2019imposta sul reddito delle persone fisiche in favore di diversi soggetti, fra cui le ONLUS (organizzazioni non lucrative di utilit\u00e0 sociale) e le associazioni di volontariato. La nostra associazione, la cui finalit\u00e0 statutaria \u00e8 l\u2019offerta di servizi [&hellip;]<\/p>\n","protected":false},"author":1,"featured_media":0,"parent":0,"menu_order":0,"comment_status":"closed","ping_status":"closed","template":"","meta":{"ngg_post_thumbnail":0,"footnotes":""},"class_list":["post-791","page","type-page","status-publish","hentry"],"_links":{"self":[{"href":"https:\/\/www.vacanzedintorni.it\/index.php?rest_route=\/wp\/v2\/pages\/791","targetHints":{"allow":["GET"]}}],"collection":[{"href":"https:\/\/www.vacanzedintorni.it\/index.php?rest_route=\/wp\/v2\/pages"}],"about":[{"href":"https:\/\/www.vacanzedintorni.it\/index.php?rest_route=\/wp\/v2\/types\/page"}],"author":[{"embeddable":true,"href":"https:\/\/www.vacanzedintorni.it\/index.php?rest_route=\/wp\/v2\/users\/1"}],"replies":[{"embeddable":true,"href":"https:\/\/www.vacanzedintorni.it\/index.php?rest_route=%2Fwp%2Fv2%2Fcomments&post=791"}],"version-history":[{"count":2,"href":"https:\/\/www.vacanzedintorni.it\/index.php?rest_route=\/wp\/v2\/pages\/791\/revisions"}],"predecessor-version":[{"id":937,"href":"https:\/\/www.vacanzedintorni.it\/index.php?rest_route=\/wp\/v2\/pages\/791\/revisions\/937"}],"wp:attachment":[{"href":"https:\/\/www.vacanzedintorni.it\/index.php?rest_route=%2Fwp%2Fv2%2Fmedia&parent=791"}],"curies":[{"name":"wp","href":"https:\/\/api.w.org\/{rel}","templated":true}]}}